{"id":230,"date":"2021-05-08T08:44:37","date_gmt":"2021-05-08T08:44:37","guid":{"rendered":"https:\/\/coocreartech.com\/?page_id=230"},"modified":"2023-11-17T19:11:04","modified_gmt":"2023-11-17T19:11:04","slug":"services","status":"publish","type":"page","link":"https:\/\/coocreartech.com\/?page_id=230","title":{"rendered":"Services"},"content":{"rendered":"\t\t<div data-elementor-type=\"wp-page\" data-elementor-id=\"230\" class=\"elementor elementor-230\">\n\t\t\t\t\t\t\t\t\t<section class=\"elementor-section elementor-top-section elementor-element elementor-element-3549248 elementor-section-boxed elementor-section-height-default elementor-section-height-default\" data-id=\"3549248\" data-element_type=\"section\" data-settings=\"{&quot;background_background&quot;:&quot;gradient&quot;}\">\n\t\t\t\t\t\t<div class=\"elementor-container elementor-column-gap-no\">\n\t\t\t\t\t<div class=\"elementor-column elementor-col-100 elementor-top-column elementor-element elementor-element-073fbb5\" data-id=\"073fbb5\" data-element_type=\"column\">\n\t\t\t<div class=\"elementor-widget-wrap elementor-element-populated\">\n\t\t\t\t\t\t\t\t<div class=\"elementor-element elementor-element-5158c6c elementor-widget elementor-widget-heading\" data-id=\"5158c6c\" data-element_type=\"widget\" data-widget_type=\"heading.default\">\n\t\t\t\t<div class=\"elementor-widget-container\">\n\t\t\t<style>\/*! elementor - v3.17.0 - 08-11-2023 *\/\n.elementor-heading-title{padding:0;margin:0;line-height:1}.elementor-widget-heading .elementor-heading-title[class*=elementor-size-]>a{color:inherit;font-size:inherit;line-height:inherit}.elementor-widget-heading .elementor-heading-title.elementor-size-small{font-size:15px}.elementor-widget-heading .elementor-heading-title.elementor-size-medium{font-size:19px}.elementor-widget-heading .elementor-heading-title.elementor-size-large{font-size:29px}.elementor-widget-heading .elementor-heading-title.elementor-size-xl{font-size:39px}.elementor-widget-heading .elementor-heading-title.elementor-size-xxl{font-size:59px}<\/style><h1 class=\"elementor-heading-title elementor-size-default\">SERVICIOS<\/h1>\t\t<\/div>\n\t\t\t\t<\/div>\n\t\t\t\t<div class=\"elementor-element elementor-element-d8a3f71 elementor-widget-divider--view-line elementor-widget elementor-widget-divider\" data-id=\"d8a3f71\" data-element_type=\"widget\" data-widget_type=\"divider.default\">\n\t\t\t\t<div class=\"elementor-widget-container\">\n\t\t\t<style>\/*! elementor - v3.17.0 - 08-11-2023 *\/\n.elementor-widget-divider{--divider-border-style:none;--divider-border-width:1px;--divider-color:#0c0d0e;--divider-icon-size:20px;--divider-element-spacing:10px;--divider-pattern-height:24px;--divider-pattern-size:20px;--divider-pattern-url:none;--divider-pattern-repeat:repeat-x}.elementor-widget-divider .elementor-divider{display:flex}.elementor-widget-divider .elementor-divider__text{font-size:15px;line-height:1;max-width:95%}.elementor-widget-divider .elementor-divider__element{margin:0 var(--divider-element-spacing);flex-shrink:0}.elementor-widget-divider .elementor-icon{font-size:var(--divider-icon-size)}.elementor-widget-divider .elementor-divider-separator{display:flex;margin:0;direction:ltr}.elementor-widget-divider--view-line_icon .elementor-divider-separator,.elementor-widget-divider--view-line_text .elementor-divider-separator{align-items:center}.elementor-widget-divider--view-line_icon .elementor-divider-separator:after,.elementor-widget-divider--view-line_icon .elementor-divider-separator:before,.elementor-widget-divider--view-line_text .elementor-divider-separator:after,.elementor-widget-divider--view-line_text .elementor-divider-separator:before{display:block;content:\"\";border-bottom:0;flex-grow:1;border-top:var(--divider-border-width) var(--divider-border-style) var(--divider-color)}.elementor-widget-divider--element-align-left .elementor-divider .elementor-divider-separator>.elementor-divider__svg:first-of-type{flex-grow:0;flex-shrink:100}.elementor-widget-divider--element-align-left .elementor-divider-separator:before{content:none}.elementor-widget-divider--element-align-left .elementor-divider__element{margin-left:0}.elementor-widget-divider--element-align-right .elementor-divider .elementor-divider-separator>.elementor-divider__svg:last-of-type{flex-grow:0;flex-shrink:100}.elementor-widget-divider--element-align-right .elementor-divider-separator:after{content:none}.elementor-widget-divider--element-align-right .elementor-divider__element{margin-right:0}.elementor-widget-divider:not(.elementor-widget-divider--view-line_text):not(.elementor-widget-divider--view-line_icon) .elementor-divider-separator{border-top:var(--divider-border-width) var(--divider-border-style) var(--divider-color)}.elementor-widget-divider--separator-type-pattern{--divider-border-style:none}.elementor-widget-divider--separator-type-pattern.elementor-widget-divider--view-line .elementor-divider-separator,.elementor-widget-divider--separator-type-pattern:not(.elementor-widget-divider--view-line) .elementor-divider-separator:after,.elementor-widget-divider--separator-type-pattern:not(.elementor-widget-divider--view-line) .elementor-divider-separator:before,.elementor-widget-divider--separator-type-pattern:not([class*=elementor-widget-divider--view]) .elementor-divider-separator{width:100%;min-height:var(--divider-pattern-height);-webkit-mask-size:var(--divider-pattern-size) 100%;mask-size:var(--divider-pattern-size) 100%;-webkit-mask-repeat:var(--divider-pattern-repeat);mask-repeat:var(--divider-pattern-repeat);background-color:var(--divider-color);-webkit-mask-image:var(--divider-pattern-url);mask-image:var(--divider-pattern-url)}.elementor-widget-divider--no-spacing{--divider-pattern-size:auto}.elementor-widget-divider--bg-round{--divider-pattern-repeat:round}.rtl .elementor-widget-divider .elementor-divider__text{direction:rtl}.e-con-inner>.elementor-widget-divider,.e-con>.elementor-widget-divider{width:var(--container-widget-width,100%);--flex-grow:var(--container-widget-flex-grow)}<\/style>\t\t<div class=\"elementor-divider\">\n\t\t\t<span class=\"elementor-divider-separator\">\n\t\t\t\t\t\t<\/span>\n\t\t<\/div>\n\t\t\t\t<\/div>\n\t\t\t\t<\/div>\n\t\t\t\t\t<\/div>\n\t\t<\/div>\n\t\t\t\t\t\t\t<\/div>\n\t\t<\/section>\n\t\t\t\t<section class=\"elementor-section elementor-top-section elementor-element elementor-element-2f18ee5 elementor-section-boxed elementor-section-height-default elementor-section-height-default\" data-id=\"2f18ee5\" data-element_type=\"section\" data-settings=\"{&quot;background_background&quot;:&quot;classic&quot;}\">\n\t\t\t\t\t\t<div class=\"elementor-container elementor-column-gap-no\">\n\t\t\t\t\t<div class=\"elementor-column elementor-col-100 elementor-top-column elementor-element elementor-element-6a8c82c\" data-id=\"6a8c82c\" data-element_type=\"column\">\n\t\t\t<div class=\"elementor-widget-wrap elementor-element-populated\">\n\t\t\t\t\t\t\t\t<div class=\"elementor-element elementor-element-31e88d5 elementor-position-left elementor-vertical-align-middle elementor-widget elementor-widget-image-box\" data-id=\"31e88d5\" data-element_type=\"widget\" data-widget_type=\"image-box.default\">\n\t\t\t\t<div class=\"elementor-widget-container\">\n\t\t\t<style>\/*! elementor - v3.17.0 - 08-11-2023 *\/\n.elementor-widget-image-box .elementor-image-box-content{width:100%}@media (min-width:768px){.elementor-widget-image-box.elementor-position-left .elementor-image-box-wrapper,.elementor-widget-image-box.elementor-position-right .elementor-image-box-wrapper{display:flex}.elementor-widget-image-box.elementor-position-right .elementor-image-box-wrapper{text-align:right;flex-direction:row-reverse}.elementor-widget-image-box.elementor-position-left .elementor-image-box-wrapper{text-align:left;flex-direction:row}.elementor-widget-image-box.elementor-position-top .elementor-image-box-img{margin:auto}.elementor-widget-image-box.elementor-vertical-align-top .elementor-image-box-wrapper{align-items:flex-start}.elementor-widget-image-box.elementor-vertical-align-middle .elementor-image-box-wrapper{align-items:center}.elementor-widget-image-box.elementor-vertical-align-bottom .elementor-image-box-wrapper{align-items:flex-end}}@media (max-width:767px){.elementor-widget-image-box .elementor-image-box-img{margin-left:auto!important;margin-right:auto!important;margin-bottom:15px}}.elementor-widget-image-box .elementor-image-box-img{display:inline-block}.elementor-widget-image-box .elementor-image-box-title a{color:inherit}.elementor-widget-image-box .elementor-image-box-wrapper{text-align:center}.elementor-widget-image-box .elementor-image-box-description{margin:0}<\/style><div class=\"elementor-image-box-wrapper\"><figure class=\"elementor-image-box-img\"><img fetchpriority=\"high\" decoding=\"async\" width=\"1280\" height=\"1280\" src=\"https:\/\/coocreartech.com\/wp-content\/uploads\/2023\/11\/white-male-3d-model-isolated-2064876.jpg\" class=\"attachment-full size-full wp-image-947\" alt=\"white male, 3d model, isolated-2064876.jpg\" srcset=\"https:\/\/coocreartech.com\/wp-content\/uploads\/2023\/11\/white-male-3d-model-isolated-2064876.jpg 1280w, https:\/\/coocreartech.com\/wp-content\/uploads\/2023\/11\/white-male-3d-model-isolated-2064876-300x300.jpg 300w, https:\/\/coocreartech.com\/wp-content\/uploads\/2023\/11\/white-male-3d-model-isolated-2064876-1024x1024.jpg 1024w, https:\/\/coocreartech.com\/wp-content\/uploads\/2023\/11\/white-male-3d-model-isolated-2064876-150x150.jpg 150w, https:\/\/coocreartech.com\/wp-content\/uploads\/2023\/11\/white-male-3d-model-isolated-2064876-768x768.jpg 768w\" sizes=\"(max-width: 1280px) 100vw, 1280px\" \/><\/figure><div class=\"elementor-image-box-content\"><h2 class=\"elementor-image-box-title\">AHORRO<\/h2><p class=\"elementor-image-box-description\">Disfruta de los beneficios y la excelente rentabilidad ahorrando con nosotros.<br>PROXIMAMENTE...<\/p><\/div><\/div>\t\t<\/div>\n\t\t\t\t<\/div>\n\t\t\t\t<div class=\"elementor-element elementor-element-f301f94 elementor-position-right elementor-vertical-align-middle elementor-widget elementor-widget-image-box\" data-id=\"f301f94\" data-element_type=\"widget\" data-widget_type=\"image-box.default\">\n\t\t\t\t<div class=\"elementor-widget-container\">\n\t\t\t<div class=\"elementor-image-box-wrapper\"><figure class=\"elementor-image-box-img\"><img decoding=\"async\" width=\"1280\" height=\"1280\" src=\"https:\/\/coocreartech.com\/wp-content\/uploads\/2023\/11\/fax-white-male-3d-model-1889044.jpg\" class=\"attachment-full size-full wp-image-950\" alt=\"fax, white male, 3d model-1889044.jpg\" srcset=\"https:\/\/coocreartech.com\/wp-content\/uploads\/2023\/11\/fax-white-male-3d-model-1889044.jpg 1280w, https:\/\/coocreartech.com\/wp-content\/uploads\/2023\/11\/fax-white-male-3d-model-1889044-300x300.jpg 300w, https:\/\/coocreartech.com\/wp-content\/uploads\/2023\/11\/fax-white-male-3d-model-1889044-1024x1024.jpg 1024w, https:\/\/coocreartech.com\/wp-content\/uploads\/2023\/11\/fax-white-male-3d-model-1889044-150x150.jpg 150w, https:\/\/coocreartech.com\/wp-content\/uploads\/2023\/11\/fax-white-male-3d-model-1889044-768x768.jpg 768w\" sizes=\"(max-width: 1280px) 100vw, 1280px\" \/><\/figure><div class=\"elementor-image-box-content\"><h2 class=\"elementor-image-box-title\">CR\u00c9DITO<\/h2><p class=\"elementor-image-box-description\">Aprovecha nuestras tasas de inter\u00e9s, cuotas mas flexibles y plazos  preferenciales en cr\u00e9ditos y microcr\u00e9ditos. <br>PROXIMAMENTE...<\/p><\/div><\/div>\t\t<\/div>\n\t\t\t\t<\/div>\n\t\t\t\t<div class=\"elementor-element elementor-element-e8e66bf elementor-position-left elementor-vertical-align-middle elementor-widget elementor-widget-image-box\" data-id=\"e8e66bf\" data-element_type=\"widget\" data-widget_type=\"image-box.default\">\n\t\t\t\t<div class=\"elementor-widget-container\">\n\t\t\t<div class=\"elementor-image-box-wrapper\"><figure class=\"elementor-image-box-img\"><img decoding=\"async\" width=\"1280\" height=\"1280\" src=\"https:\/\/coocreartech.com\/wp-content\/uploads\/2023\/11\/doctor-first-aid-profession-1010903.jpg\" class=\"attachment-full size-full wp-image-944\" alt=\"doctor, first aid, profession-1010903.jpg\" srcset=\"https:\/\/coocreartech.com\/wp-content\/uploads\/2023\/11\/doctor-first-aid-profession-1010903.jpg 1280w, https:\/\/coocreartech.com\/wp-content\/uploads\/2023\/11\/doctor-first-aid-profession-1010903-300x300.jpg 300w, https:\/\/coocreartech.com\/wp-content\/uploads\/2023\/11\/doctor-first-aid-profession-1010903-1024x1024.jpg 1024w, https:\/\/coocreartech.com\/wp-content\/uploads\/2023\/11\/doctor-first-aid-profession-1010903-150x150.jpg 150w, https:\/\/coocreartech.com\/wp-content\/uploads\/2023\/11\/doctor-first-aid-profession-1010903-768x768.jpg 768w\" sizes=\"(max-width: 1280px) 100vw, 1280px\" \/><\/figure><div class=\"elementor-image-box-content\"><h2 class=\"elementor-image-box-title\">SEGUROS<\/h2><p class=\"elementor-image-box-description\">Accede a p\u00f3lizas de seguros que se adapten a tus necesidades, vida, exequial, desempleo, salud, auto, entre otros. <br>PROXIMAMENTE...<\/p><\/div><\/div>\t\t<\/div>\n\t\t\t\t<\/div>\n\t\t\t\t<div class=\"elementor-element elementor-element-b669f62 elementor-position-right elementor-vertical-align-middle elementor-widget elementor-widget-image-box\" data-id=\"b669f62\" data-element_type=\"widget\" data-widget_type=\"image-box.default\">\n\t\t\t\t<div class=\"elementor-widget-container\">\n\t\t\t<div class=\"elementor-image-box-wrapper\"><figure class=\"elementor-image-box-img\"><img loading=\"lazy\" decoding=\"async\" width=\"1280\" height=\"1280\" src=\"https:\/\/coocreartech.com\/wp-content\/uploads\/2023\/11\/discussion-meeting-white-male-1874791.jpg\" class=\"attachment-full size-full wp-image-951\" alt=\"discussion, meeting, white male-1874791.jpg\" srcset=\"https:\/\/coocreartech.com\/wp-content\/uploads\/2023\/11\/discussion-meeting-white-male-1874791.jpg 1280w, https:\/\/coocreartech.com\/wp-content\/uploads\/2023\/11\/discussion-meeting-white-male-1874791-300x300.jpg 300w, https:\/\/coocreartech.com\/wp-content\/uploads\/2023\/11\/discussion-meeting-white-male-1874791-1024x1024.jpg 1024w, https:\/\/coocreartech.com\/wp-content\/uploads\/2023\/11\/discussion-meeting-white-male-1874791-150x150.jpg 150w, https:\/\/coocreartech.com\/wp-content\/uploads\/2023\/11\/discussion-meeting-white-male-1874791-768x768.jpg 768w\" sizes=\"(max-width: 1280px) 100vw, 1280px\" \/><\/figure><div class=\"elementor-image-box-content\"><h2 class=\"elementor-image-box-title\">EDUCACI\u00d3N<\/h2><p class=\"elementor-image-box-description\">Ed\u00facate con COO-CREARTECH y transforma tu salud financiera.<br>PROXIMAMENTE...<\/p><\/div><\/div>\t\t<\/div>\n\t\t\t\t<\/div>\n\t\t\t\t<div class=\"elementor-element elementor-element-134c6e1 elementor-position-left elementor-vertical-align-middle elementor-widget elementor-widget-image-box\" data-id=\"134c6e1\" data-element_type=\"widget\" data-widget_type=\"image-box.default\">\n\t\t\t\t<div class=\"elementor-widget-container\">\n\t\t\t<div class=\"elementor-image-box-wrapper\"><figure class=\"elementor-image-box-img\"><img loading=\"lazy\" decoding=\"async\" width=\"1280\" height=\"1280\" src=\"https:\/\/coocreartech.com\/wp-content\/uploads\/2023\/11\/meet-relationship-business-1020182.jpg\" class=\"attachment-full size-full wp-image-943\" alt=\"meet, relationship, business-1020182.jpg\" srcset=\"https:\/\/coocreartech.com\/wp-content\/uploads\/2023\/11\/meet-relationship-business-1020182.jpg 1280w, https:\/\/coocreartech.com\/wp-content\/uploads\/2023\/11\/meet-relationship-business-1020182-300x300.jpg 300w, https:\/\/coocreartech.com\/wp-content\/uploads\/2023\/11\/meet-relationship-business-1020182-1024x1024.jpg 1024w, https:\/\/coocreartech.com\/wp-content\/uploads\/2023\/11\/meet-relationship-business-1020182-150x150.jpg 150w, https:\/\/coocreartech.com\/wp-content\/uploads\/2023\/11\/meet-relationship-business-1020182-768x768.jpg 768w\" sizes=\"(max-width: 1280px) 100vw, 1280px\" \/><\/figure><div class=\"elementor-image-box-content\"><h2 class=\"elementor-image-box-title\">CONVENIOS<\/h2><p class=\"elementor-image-box-description\">Disfruta con tus familiares y amigos, recibe descuentos en establecimientos comerciales aliados.<br>PROXIMAMENTE...<\/p><\/div><\/div>\t\t<\/div>\n\t\t\t\t<\/div>\n\t\t\t\t\t<\/div>\n\t\t<\/div>\n\t\t\t\t\t\t\t<\/div>\n\t\t<\/section>\n\t\t\t\t\t\t\t<\/div>\n\t\t","protected":false},"excerpt":{"rendered":"<p>SERVICIOS AHORRO Disfruta de los beneficios y la excelente rentabilidad ahorrando con nosotros.PROXIMAMENTE&#8230; CR\u00c9DITO Aprovecha nuestras tasas de inter\u00e9s, cuotas mas flexibles y plazos preferenciales en cr\u00e9ditos y microcr\u00e9ditos. PROXIMAMENTE&#8230; SEGUROS Accede a p\u00f3lizas de seguros que se adapten a tus necesidades, vida, exequial, desempleo, salud, auto, entre otros. PROXIMAMENTE&#8230; EDUCACI\u00d3N Ed\u00facate con COO-CREARTECH y &hellip;<\/p>\n<p class=\"read-more\"> <a class=\"\" href=\"https:\/\/coocreartech.com\/?page_id=230\"> <span class=\"screen-reader-text\">Services<\/span> Leer m\u00e1s &raquo;<\/a><\/p>\n","protected":false},"author":1,"featured_media":0,"parent":0,"menu_order":0,"comment_status":"closed","ping_status":"closed","template":"","meta":{"_monsterinsights_skip_tracking":false,"_monsterinsights_sitenote_active":false,"_monsterinsights_sitenote_note":"","_monsterinsights_sitenote_category":0,"site-sidebar-layout":"no-sidebar","site-content-layout":"page-builder","ast-site-content-layout":"","site-content-style":"default","site-sidebar-style":"default","ast-global-header-display":"","ast-banner-title-visibility":"","ast-main-header-display":"","ast-hfb-above-header-display":"","ast-hfb-below-header-display":"","ast-hfb-mobile-header-display":"","site-post-title":"disabled","ast-breadcrumbs-content":"disabled","ast-featured-img":"disabled","footer-sml-layout":"","theme-transparent-header-meta":"enabled","adv-header-id-meta":"","stick-header-meta":"","header-above-stick-meta":"","header-main-stick-meta":"","header-below-stick-meta":"","astra-migrate-meta-layouts":"","ast-page-background-enabled":"default","ast-page-background-meta":{"desktop":{"background-color":"","background-image":"","background-repeat":"repeat","background-position":"center center","background-size":"auto","background-attachment":"scroll","background-type":"","background-media":"","overlay-type":"","overlay-color":"","overlay-gradient":""},"tablet":{"background-color":"","background-image":"","background-repeat":"repeat","background-position":"center center","background-size":"auto","background-attachment":"scroll","background-type":"","background-media":"","overlay-type":"","overlay-color":"","overlay-gradient":""},"mobile":{"background-color":"","background-image":"","background-repeat":"repeat","background-position":"center center","background-size":"auto","background-attachment":"scroll","background-type":"","background-media":"","overlay-type":"","overlay-color":"","overlay-gradient":""}},"ast-content-background-meta":{"desktop":{"background-color":"var(--ast-global-color-5)","background-image":"","background-repeat":"repeat","background-position":"center center","background-size":"auto","background-attachment":"scroll","background-type":"","background-media":"","overlay-type":"","overlay-color":"","overlay-gradient":""},"tablet":{"background-color":"var(--ast-global-color-5)","background-image":"","background-repeat":"repeat","background-position":"center center","background-size":"auto","background-attachment":"scroll","background-type":"","background-media":"","overlay-type":"","overlay-color":"","overlay-gradient":""},"mobile":{"background-color":"var(--ast-global-color-5)","background-image":"","background-repeat":"repeat","background-position":"center center","background-size":"auto","background-attachment":"scroll","background-type":"","background-media":"","overlay-type":"","overlay-color":"","overlay-gradient":""}},"footnotes":""},"aioseo_notices":[],"_links":{"self":[{"href":"https:\/\/coocreartech.com\/index.php?rest_route=\/wp\/v2\/pages\/230"}],"collection":[{"href":"https:\/\/coocreartech.com\/index.php?rest_route=\/wp\/v2\/pages"}],"about":[{"href":"https:\/\/coocreartech.com\/index.php?rest_route=\/wp\/v2\/types\/page"}],"author":[{"embeddable":true,"href":"https:\/\/coocreartech.com\/index.php?rest_route=\/wp\/v2\/users\/1"}],"replies":[{"embeddable":true,"href":"https:\/\/coocreartech.com\/index.php?rest_route=%2Fwp%2Fv2%2Fcomments&post=230"}],"version-history":[{"count":31,"href":"https:\/\/coocreartech.com\/index.php?rest_route=\/wp\/v2\/pages\/230\/revisions"}],"predecessor-version":[{"id":1224,"href":"https:\/\/coocreartech.com\/index.php?rest_route=\/wp\/v2\/pages\/230\/revisions\/1224"}],"wp:attachment":[{"href":"https:\/\/coocreartech.com\/index.php?rest_route=%2Fwp%2Fv2%2Fmedia&parent=230"}],"curies":[{"name":"wp","href":"https:\/\/api.w.org\/{rel}","templated":true}]}}